{"id":403,"date":"2019-02-22T11:09:13","date_gmt":"2019-02-22T10:09:13","guid":{"rendered":"https:\/\/www.marmottan.fr\/?page_id=403"},"modified":"2026-03-12T10:19:05","modified_gmt":"2026-03-12T09:19:05","slug":"children-and-families","status":"publish","type":"page","link":"https:\/\/www.marmottan.fr\/en\/publics\/children-and-families\/","title":{"rendered":"Children and families"},"content":{"rendered":"<p><strong>Le mus\u00e9e Marmottan Monet poursuit son cycle de m\u00e9diation \u00e0 destination du jeune public. Diff\u00e9rentes activit\u00e9s vous sont propos\u00e9es par une m\u00e9diatrice du mus\u00e9e les mercredis, les samedis et durant les vacances scolaires.<\/strong><\/p>\n<h3><strong>\ud83e\uddab<\/strong>\u00ab Les P\u2019tits Marmottan \u00bb &#8211;<strong>Individual workshops<\/strong><\/h3>\n<p>Every Wednesday and during school holidays, the museum offers creative workshops and guided visits focusing on both the <strong data-start=\"590\" data-end=\"615\">permanent collections<\/strong> and <strong data-start=\"620\" data-end=\"645\">temporary exhibitions<\/strong>, led by a museum educator.<\/p>\n<p>\u2013 Workshops for children aged 4 to 10, depending on the theme.<br \/>\n\u2013 Duration: 75 min. (themed tour + workshop).<br \/>\n\u2013 Price: 12\u20ac\/child (to be paid at the museum 10-15 min. before the workshop starts.<br \/>\n\u2013 Capacity: 15 children maximum<br \/>\n(Please note that, for reasons of organisation, adults accompanying children cannot be admitted to workshops. Thank you.)<\/p>\n<h3><strong><span style=\"color: #99ccff;\">\ud83d\udc76<\/span>Babies at the Museum \u2013 The Art of Sleeping from Birth<\/strong><\/h3>\n<p data-start=\"1131\" data-end=\"1523\">Sleep is a fundamental need from the very first months of life. During their first year, babies sleep an average of 13 to 17 hours a day.<br data-start=\"1272\" data-end=\"1275\" \/>Comfortably settled in a baby carrier or stroller, parents and their infants (aged 0 to 12 months) are invited to freely explore the exhibition <strong data-start=\"1419\" data-end=\"1444\">\u201cThe Empire of Sleep\u201d<\/strong> <em data-start=\"1445\" data-end=\"1484\">before the museum opens to the public<\/em>, accompanied by a cultural mediator.<\/p>\n<p data-start=\"1525\" data-end=\"1702\">The visit concludes with a time for discussion and sharing with the team from <strong data-start=\"1607\" data-end=\"1620\">Maison-n\u00e9<\/strong>, offering an opportunity to talk about sleep, well-being, and early parenthood.<\/p>\n<p data-start=\"1704\" data-end=\"1754\">Four visits are scheduled \u2014 book your spot soon!<\/p>\n<p>&#8211; Audience: babies (0\u201312 months) and their parents<br \/>\n&#8211; Dates : <strong data-start=\"1818\" data-end=\"1872\">November 8, December 6, January 10, and February 7<\/strong> at <strong data-start=\"1876\" data-end=\"1889\">9:00 a.m.<\/strong><br \/>\n\u2013 Duration : 1 hour<br \/>\n&#8211; Price : 20\u20ac (duo ticket: 1 parent + 1 baby)<\/p>\n<p data-start=\"1969\" data-end=\"2207\">Please arrive <strong data-start=\"1983\" data-end=\"2027\">10 minutes before doors open (8:50 a.m.)<\/strong>.<br data-start=\"2028\" data-end=\"2031\" \/>A quiet, comfortable space will be available for parents and babies, equipped with everything needed for changing or simply taking a break before, during, or after the visit.<\/p>\n<p data-start=\"2209\" data-end=\"2282\">In collaboration with <a href=\"https:\/\/fra01.safelinks.protection.outlook.com\/?url=https%3A%2F%2Fwww.maison-ne.com%2F&amp;data=05%7C02%7Cmanon.paineau%40marmottan.com%7C8cb58c98c93c45175eb608de0b1c2d0b%7C943e1e081a884fc4a18372acb519a477%7C1%7C0%7C638960412796250234%7CUnknown%7CTWFpbGZsb3d8eyJFbXB0eU1hcGkiOnRydWUsIlYiOiIwLjAuMDAwMCIsIlAiOiJXaW4zMiIsIkFOIjoiTWFpbCIsIldUIjoyfQ%3D%3D%7C0%7C%7C%7C&amp;sdata=yASlfhQdleclx%2BjGKUqEX84XiFjYaeJXI2YtZmxq5rs%3D&amp;reserved=0\" target=\"_blank\" rel=\"noopener\">Maison-n\u00e9<\/a> &#8211; Maison de la parentalit\u00e9 \u00e0 Paris<\/p>\n<h3><strong>\ud83c\udf19Storytelling Visits<\/strong><\/h3>\n<p data-start=\"2319\" data-end=\"2394\">Dream, shiver, awaken\u2026 what if sleep became a doorway to the imagination?<\/p>\n<p data-start=\"2396\" data-end=\"2865\">Storyteller <strong data-start=\"2408\" data-end=\"2428\">Violaine Joffart<\/strong> invites children and adults to experience <em data-start=\"2471\" data-end=\"2494\">\u201cThe Empire of Sleep\u201d<\/em> in a different way, blending stories, sensations, and emotions.<br data-start=\"2558\" data-end=\"2561\" \/>From the pleasure of dreaming to the fear of nightmares, from the softness of falling asleep to the thrills of the night, visitors are guided through a poetic and immersive journey. Ancient myths, reimagined tales, and chilling stories bring the artworks to life through body, imagination, and emotion.<\/p>\n<p data-start=\"2867\" data-end=\"2916\">A visit to <strong data-start=\"2878\" data-end=\"2914\">dream together \u2014 eyes wide open.<\/strong><\/p>\n<p>&#8211; Audience: ages 10 and up<br \/>\n&#8211; Dates: <strong>December 20 &amp; 21, 2025 and February 14, 15, 20 &amp; 21, 2026 at 9:30 a.m<\/strong>.<br \/>\n\u2013 Duration: 1 hour<br \/>\n&#8211; Price: 20\u20ac full rate, or 7\u20ac in addition to a discounted or free museum ticket (available on-site only)<\/p>\n<h3><strong>\ud83e\ude70<\/strong><strong>Danse \u00c9veil<\/strong><\/h3>\n<p data-start=\"3223\" data-end=\"3386\">From <strong data-start=\"3228\" data-end=\"3253\">February to June 2026<\/strong>, the Mus\u00e9e Marmottan Monet invites young children and their parents to share a unique artistic experience through &#8220;<em>Danse \u00c9veil&#8221;.<\/em><\/p>\n<p data-start=\"3388\" data-end=\"3650\">Led by dancer and choreographer <strong data-start=\"3420\" data-end=\"3435\">Julie Meyer<\/strong>, these sessions offer a moment of connection between children and adults through movement and body awareness. Dynamic exercises, moments of relaxation, and gentle massages create a joyful and soothing experience.<\/p>\n<p data-start=\"3652\" data-end=\"3841\">Set to music, the workshops awaken the senses, encourage expression, and foster creativity \u2014 a beautiful artistic interlude to share with your child among <strong data-start=\"3807\" data-end=\"3838\">Claude Monet\u2019s Water Lilies<\/strong>.<\/p>\n<p>&#8211; Audience : children aged 2\u20134 and their parents<br \/>\n&#8211; Dates: <strong>February 21, March 21, May 30, and June 21<\/strong><br \/>\n&#8211; Duration: 1 hour<br \/>\n&#8211; Price: 25\u20ac (duo ticket: parent + child)<\/p>\n<p>Please arrive <strong data-start=\"4043\" data-end=\"4087\">10 minutes before doors open (8:50 a.m.)<\/strong>.<br data-start=\"4088\" data-end=\"4091\" \/>Comfortable clothing and a small water bottle are recommended.<\/p>\n<h3>\ud83d\udc68\u200d\ud83d\udc69\u200d\ud83d\udc67\u200d\ud83d\udc66Family Visits<\/h3>\n<p data-start=\"4195\" data-end=\"4352\">Guided by a museum educator, families are invited to discover the museum\u2019s permanent collections and immerse themselves in the world of the Impressionists.<\/p>\n<p>&#8211; Every <strong data-start=\"4362\" data-end=\"4392\">last Saturday of the month<\/strong> at <strong data-start=\"4396\" data-end=\"4410\">10:30 a.m.<\/strong><br \/>\n&#8211; Duration: 45 minutes<br \/>\n&#8211; Price: 20\u20ac for one child and one adult, 9\u20ac per additional child, and 15\u20ac per additional adult<\/p>\n<p><strong>For any additional informatio:<\/strong> <a href=\"mailto:atelier@marmottan.com\">atelier@marmottan.com<\/a><br \/>\n<strong>Reservation: <\/strong><a href=\"https:\/\/billetterie.marmottan.fr\/\" target=\"_blank\" rel=\"noopener\">https:\/\/billetterie.marmottan.fr\/<\/a><\/p>\n<img decoding=\"async\" class=\"alignnone size-full wp-image-308\" src=\"https:\/\/www.marmottan.fr\/wp-content\/uploads\/2019\/02\/ptits_marmottan.jpg\" alt=\"\" width=\"400\" srcset=\"https:\/\/www.marmottan.fr\/wp-content\/uploads\/2019\/02\/ptits_marmottan.jpg 756w, https:\/\/www.marmottan.fr\/wp-content\/uploads\/2019\/02\/ptits_marmottan-297x300.jpg 297w, https:\/\/www.marmottan.fr\/wp-content\/uploads\/2019\/02\/ptits_marmottan-317x320.jpg 317w\" sizes=\"(max-width: 756px) 100vw, 756px\" \/>\n<h3><strong>Individual workshops (Wednesdays and school holidays):<\/strong><\/h3>\n<p>\u2013 Workshops for children aged 4 to 10, depending on the theme.<br \/>\n\u2013 Duration: 75 min. (themed tour + workshop).<br \/>\n\u2013 Tarif: 12 \u20ac\/child (to be paid at the museum 10-15 min. before the workshop starts.<br \/>\n\u2013 Capacity: 15 children maximum<br \/>\n(Please note that, for reasons of organisation, adults accompanying children cannot be admitted to workshops. Thank you.)<\/p>\n<p><strong>For any additional information or reservation :<\/strong> <a href=\"mailto:atelier@marmottan.com\">atelier@marmottan.com<\/a><\/p>\n<p>&nbsp;<\/p>\n","protected":false},"excerpt":{"rendered":"<p>Le mus\u00e9e Marmottan Monet poursuit son cycle de m\u00e9diation \u00e0 destination du jeune public. Diff\u00e9rentes activit\u00e9s vous sont propos\u00e9es par une m\u00e9diatrice du mus\u00e9e les mercredis, les samedis et durant les vacances scolaires. \ud83e\uddab\u00ab Les P\u2019tits Marmottan \u00bb &#8211;Individual workshops Every Wednesday and during school holidays, the museum offers creative workshops and guided visits focusing [&hellip;]<\/p>\n","protected":false},"author":1,"featured_media":287,"parent":449,"menu_order":20,"comment_status":"closed","ping_status":"closed","template":"","meta":{"_acf_changed":false,"_exactmetrics_skip_tracking":false,"_exactmetrics_sitenote_active":false,"_exactmetrics_sitenote_note":"","_exactmetrics_sitenote_category":0,"footnotes":""},"class_list":["post-403","page","type-page","status-publish","has-post-thumbnail","hentry","entry"],"acf":[],"yoast_head":"<!-- This site is optimized with the Yoast SEO plugin v24.6 - https:\/\/yoast.com\/wordpress\/plugins\/seo\/ -->\n<title>Children and families &#8212; Mus\u00e9e Marmottan Monet<\/title>\n<meta name=\"robots\" content=\"index, follow, max-snippet:-1, max-image-preview:large, max-video-preview:-1\" \/>\n<link rel=\"canonical\" href=\"https:\/\/www.marmottan.fr\/en\/publics\/children-and-families\/\" \/>\n<meta property=\"og:locale\" content=\"en_US\" \/>\n<meta property=\"og:type\" content=\"article\" \/>\n<meta property=\"og:title\" content=\"Children and families &#8212; Mus\u00e9e Marmottan Monet\" \/>\n<meta property=\"og:description\" content=\"Le mus\u00e9e Marmottan Monet poursuit son cycle de m\u00e9diation \u00e0 destination du jeune public. Diff\u00e9rentes activit\u00e9s vous sont propos\u00e9es par une m\u00e9diatrice du mus\u00e9e les mercredis, les samedis et durant les vacances scolaires. \ud83e\uddab\u00ab Les P\u2019tits Marmottan \u00bb &#8211;Individual workshops Every Wednesday and during school holidays, the museum offers creative workshops and guided visits focusing [&hellip;]\" \/>\n<meta property=\"og:url\" content=\"https:\/\/www.marmottan.fr\/en\/publics\/children-and-families\/\" \/>\n<meta property=\"og:site_name\" content=\"Mus\u00e9e Marmottan Monet\" \/>\n<meta property=\"article:modified_time\" content=\"2026-03-12T09:19:05+00:00\" \/>\n<meta property=\"og:image\" content=\"https:\/\/www.marmottan.fr\/wp-content\/uploads\/2019\/02\/bandeau_famille.jpg\" \/>\n\t<meta property=\"og:image:width\" content=\"1500\" \/>\n\t<meta property=\"og:image:height\" content=\"897\" \/>\n\t<meta property=\"og:image:type\" content=\"image\/jpeg\" \/>\n<meta name=\"twitter:card\" content=\"summary_large_image\" \/>\n<meta name=\"twitter:label1\" content=\"Est. reading time\" \/>\n\t<meta name=\"twitter:data1\" content=\"5 minutes\" \/>\n<script type=\"application\/ld+json\" class=\"yoast-schema-graph\">{\"@context\":\"https:\/\/schema.org\",\"@graph\":[{\"@type\":\"WebPage\",\"@id\":\"https:\/\/www.marmottan.fr\/en\/publics\/children-and-families\/\",\"url\":\"https:\/\/www.marmottan.fr\/en\/publics\/children-and-families\/\",\"name\":\"Children and families &#8212; Mus\u00e9e Marmottan Monet\",\"isPartOf\":{\"@id\":\"https:\/\/www.marmottan.fr\/#website\"},\"primaryImageOfPage\":{\"@id\":\"https:\/\/www.marmottan.fr\/en\/publics\/children-and-families\/#primaryimage\"},\"image\":{\"@id\":\"https:\/\/www.marmottan.fr\/en\/publics\/children-and-families\/#primaryimage\"},\"thumbnailUrl\":\"https:\/\/www.marmottan.fr\/wp-content\/uploads\/2019\/02\/bandeau_famille.jpg\",\"datePublished\":\"2019-02-22T10:09:13+00:00\",\"dateModified\":\"2026-03-12T09:19:05+00:00\",\"breadcrumb\":{\"@id\":\"https:\/\/www.marmottan.fr\/en\/publics\/children-and-families\/#breadcrumb\"},\"inLanguage\":\"en-US\",\"potentialAction\":[{\"@type\":\"ReadAction\",\"target\":[\"https:\/\/www.marmottan.fr\/en\/publics\/children-and-families\/\"]}]},{\"@type\":\"ImageObject\",\"inLanguage\":\"en-US\",\"@id\":\"https:\/\/www.marmottan.fr\/en\/publics\/children-and-families\/#primaryimage\",\"url\":\"https:\/\/www.marmottan.fr\/wp-content\/uploads\/2019\/02\/bandeau_famille.jpg\",\"contentUrl\":\"https:\/\/www.marmottan.fr\/wp-content\/uploads\/2019\/02\/bandeau_famille.jpg\",\"width\":1500,\"height\":897},{\"@type\":\"BreadcrumbList\",\"@id\":\"https:\/\/www.marmottan.fr\/en\/publics\/children-and-families\/#breadcrumb\",\"itemListElement\":[{\"@type\":\"ListItem\",\"position\":1,\"name\":\"Accueil\",\"item\":\"https:\/\/www.marmottan.fr\/en\/\"},{\"@type\":\"ListItem\",\"position\":2,\"name\":\"Publics\",\"item\":\"https:\/\/www.marmottan.fr\/en\/publics\/\"},{\"@type\":\"ListItem\",\"position\":3,\"name\":\"Children and families\"}]},{\"@type\":\"WebSite\",\"@id\":\"https:\/\/www.marmottan.fr\/#website\",\"url\":\"https:\/\/www.marmottan.fr\/\",\"name\":\"Mus\u00e9e Marmottan Monet\",\"description\":\"Paris\",\"potentialAction\":[{\"@type\":\"SearchAction\",\"target\":{\"@type\":\"EntryPoint\",\"urlTemplate\":\"https:\/\/www.marmottan.fr\/?s={search_term_string}\"},\"query-input\":{\"@type\":\"PropertyValueSpecification\",\"valueRequired\":true,\"valueName\":\"search_term_string\"}}],\"inLanguage\":\"en-US\"}]}<\/script>\n<!-- \/ Yoast SEO plugin. -->","yoast_head_json":{"title":"Children and families &#8212; Mus\u00e9e Marmottan Monet","robots":{"index":"index","follow":"follow","max-snippet":"max-snippet:-1","max-image-preview":"max-image-preview:large","max-video-preview":"max-video-preview:-1"},"canonical":"https:\/\/www.marmottan.fr\/en\/publics\/children-and-families\/","og_locale":"en_US","og_type":"article","og_title":"Children and families &#8212; Mus\u00e9e Marmottan Monet","og_description":"Le mus\u00e9e Marmottan Monet poursuit son cycle de m\u00e9diation \u00e0 destination du jeune public. Diff\u00e9rentes activit\u00e9s vous sont propos\u00e9es par une m\u00e9diatrice du mus\u00e9e les mercredis, les samedis et durant les vacances scolaires. \ud83e\uddab\u00ab Les P\u2019tits Marmottan \u00bb &#8211;Individual workshops Every Wednesday and during school holidays, the museum offers creative workshops and guided visits focusing [&hellip;]","og_url":"https:\/\/www.marmottan.fr\/en\/publics\/children-and-families\/","og_site_name":"Mus\u00e9e Marmottan Monet","article_modified_time":"2026-03-12T09:19:05+00:00","og_image":[{"width":1500,"height":897,"url":"https:\/\/www.marmottan.fr\/wp-content\/uploads\/2019\/02\/bandeau_famille.jpg","type":"image\/jpeg"}],"twitter_card":"summary_large_image","twitter_misc":{"Est. reading time":"5 minutes"},"schema":{"@context":"https:\/\/schema.org","@graph":[{"@type":"WebPage","@id":"https:\/\/www.marmottan.fr\/en\/publics\/children-and-families\/","url":"https:\/\/www.marmottan.fr\/en\/publics\/children-and-families\/","name":"Children and families &#8212; Mus\u00e9e Marmottan Monet","isPartOf":{"@id":"https:\/\/www.marmottan.fr\/#website"},"primaryImageOfPage":{"@id":"https:\/\/www.marmottan.fr\/en\/publics\/children-and-families\/#primaryimage"},"image":{"@id":"https:\/\/www.marmottan.fr\/en\/publics\/children-and-families\/#primaryimage"},"thumbnailUrl":"https:\/\/www.marmottan.fr\/wp-content\/uploads\/2019\/02\/bandeau_famille.jpg","datePublished":"2019-02-22T10:09:13+00:00","dateModified":"2026-03-12T09:19:05+00:00","breadcrumb":{"@id":"https:\/\/www.marmottan.fr\/en\/publics\/children-and-families\/#breadcrumb"},"inLanguage":"en-US","potentialAction":[{"@type":"ReadAction","target":["https:\/\/www.marmottan.fr\/en\/publics\/children-and-families\/"]}]},{"@type":"ImageObject","inLanguage":"en-US","@id":"https:\/\/www.marmottan.fr\/en\/publics\/children-and-families\/#primaryimage","url":"https:\/\/www.marmottan.fr\/wp-content\/uploads\/2019\/02\/bandeau_famille.jpg","contentUrl":"https:\/\/www.marmottan.fr\/wp-content\/uploads\/2019\/02\/bandeau_famille.jpg","width":1500,"height":897},{"@type":"BreadcrumbList","@id":"https:\/\/www.marmottan.fr\/en\/publics\/children-and-families\/#breadcrumb","itemListElement":[{"@type":"ListItem","position":1,"name":"Accueil","item":"https:\/\/www.marmottan.fr\/en\/"},{"@type":"ListItem","position":2,"name":"Publics","item":"https:\/\/www.marmottan.fr\/en\/publics\/"},{"@type":"ListItem","position":3,"name":"Children and families"}]},{"@type":"WebSite","@id":"https:\/\/www.marmottan.fr\/#website","url":"https:\/\/www.marmottan.fr\/","name":"Mus\u00e9e Marmottan Monet","description":"Paris","potentialAction":[{"@type":"SearchAction","target":{"@type":"EntryPoint","urlTemplate":"https:\/\/www.marmottan.fr\/?s={search_term_string}"},"query-input":{"@type":"PropertyValueSpecification","valueRequired":true,"valueName":"search_term_string"}}],"inLanguage":"en-US"}]}},"_links":{"self":[{"href":"https:\/\/www.marmottan.fr\/en\/wp-json\/wp\/v2\/pages\/403"}],"collection":[{"href":"https:\/\/www.marmottan.fr\/en\/wp-json\/wp\/v2\/pages"}],"about":[{"href":"https:\/\/www.marmottan.fr\/en\/wp-json\/wp\/v2\/types\/page"}],"author":[{"embeddable":true,"href":"https:\/\/www.marmottan.fr\/en\/wp-json\/wp\/v2\/users\/1"}],"replies":[{"embeddable":true,"href":"https:\/\/www.marmottan.fr\/en\/wp-json\/wp\/v2\/comments?post=403"}],"version-history":[{"count":21,"href":"https:\/\/www.marmottan.fr\/en\/wp-json\/wp\/v2\/pages\/403\/revisions"}],"predecessor-version":[{"id":1071,"href":"https:\/\/www.marmottan.fr\/en\/wp-json\/wp\/v2\/pages\/403\/revisions\/1071"}],"up":[{"embeddable":true,"href":"https:\/\/www.marmottan.fr\/en\/wp-json\/wp\/v2\/pages\/449"}],"wp:featuredmedia":[{"embeddable":true,"href":"https:\/\/www.marmottan.fr\/en\/wp-json\/wp\/v2\/media\/287"}],"wp:attachment":[{"href":"https:\/\/www.marmottan.fr\/en\/wp-json\/wp\/v2\/media?parent=403"}],"curies":[{"name":"wp","href":"https:\/\/api.w.org\/{rel}","templated":true}]}}